{"id":15380,"date":"2025-05-30T12:51:44","date_gmt":"2025-05-30T12:51:44","guid":{"rendered":"https:\/\/ghostwhite-sandpiper-982879.hostingersite.com\/blog\/"},"modified":"2025-07-21T10:39:04","modified_gmt":"2025-07-21T10:39:04","slug":"blog","status":"publish","type":"page","link":"https:\/\/equilibriumbdc.com\/en\/blog\/","title":{"rendered":"Blog"},"content":{"rendered":"\t\t<div data-elementor-type=\"wp-page\" data-elementor-id=\"15380\" class=\"elementor elementor-15380 elementor-13774\" data-elementor-post-type=\"page\">\n\t\t\t\t<div data-dce-background-image-url=\"https:\/\/equilibriumbdc.com\/wp-content\/uploads\/2025\/05\/Blog-Medios.webp\" class=\"elementor-element elementor-element-c0a13a7 e-flex e-con-boxed e-con e-parent\" data-id=\"c0a13a7\" data-element_type=\"container\" data-settings=\"{&quot;background_background&quot;:&quot;classic&quot;}\">\n\t\t\t\t\t<div class=\"e-con-inner\">\n\t\t<div class=\"elementor-element elementor-element-8c23f2f e-con-full BuscadorAvanzado e-flex e-con e-child\" data-id=\"8c23f2f\" data-element_type=\"container\">\n\t\t\t\t<div class=\"elementor-element elementor-element-1d0110a elementor-widget elementor-widget-heading\" data-id=\"1d0110a\" data-element_type=\"widget\" data-widget_type=\"heading.default\">\n\t\t\t\t\t<h1 class=\"elementor-heading-title elementor-size-default\">Blog &amp; Media<\/h1>\t\t\t\t<\/div>\n\t\t\t\t<div class=\"elementor-element elementor-element-66564de elementor-widget__width-inherit search_blog elementor-widget elementor-widget-shortcode\" data-id=\"66564de\" data-element_type=\"widget\" data-widget_type=\"shortcode.default\">\n\t\t\t\t\t\t\t<div class=\"elementor-shortcode\"><form data-sf-form-id='17212' data-is-rtl='0' data-maintain-state='' data-results-url='https:\/\/equilibriumbdc.com\/blog\/' data-ajax-form-url='https:\/\/equilibriumbdc.com\/en\/?sfid=17212&amp;sf_action=get_data&amp;sf_data=form' data-display-result-method='custom_dce_posts' data-use-history-api='1' data-template-loaded='0' data-lang-code='en' data-ajax='0' data-init-paged='1' data-auto-update='1' action='https:\/\/equilibriumbdc.com\/blog\/' method='post' class='searchandfilter' id='search-filter-form-17212' autocomplete='off' data-instance-count='1' data-ajax-target='.elementor-widget-dce-dynamicposts-v2.search-filter-results-17212' data-ajax-links-selector='.elementor-widget-dce-dynamicposts-v2.search-filter-results-17212 .dce-pagination a'><ul><li class=\"sf-field-sort_order\" data-sf-field-name=\"_sf_sort_order\" data-sf-field-type=\"sort_order\" data-sf-field-input-type=\"select\">\t\t<label>\r\n\t\t\t\t<select name=\"_sf_sort_order[]\" class=\"sf-input-select\" title=\"\">\r\n\t\t\t\r\n\t\t\t\t\t\t<option class=\"sf-level-0 sf-item-0 sf-option-active\" selected=\"selected\" data-sf-depth=\"0\" value=\"\">Order<\/option>\r\n\t\t\t\t\t\t<option class=\"sf-level-0 \" data-sf-depth=\"0\" value=\"date+desc\">More recent<\/option>\r\n\t\t\t\t\t\t<option class=\"sf-level-0 \" data-sf-depth=\"0\" value=\"date+asc\">More old<\/option>\r\n\t\t\t\t\t\t<option class=\"sf-level-0 \" data-sf-depth=\"0\" value=\"title+desc\">Title<\/option>\r\n\t\t\t\t\t<\/select>\r\n\t\t<\/label>\t\t<\/li><li class=\"sf-field-search\" data-sf-field-name=\"search\" data-sf-field-type=\"search\" data-sf-field-input-type=\"\">\t\t<label><input placeholder=\"Keywords \u2026\" name=\"_sf_search[]\" class=\"sf-input-text\" type=\"text\" value=\"\" title=\"\"><\/label>\t\t<\/li><li class=\"sf-field-submit\" data-sf-field-name=\"submit\" data-sf-field-type=\"submit\" data-sf-field-input-type=\"\"><input type=\"submit\" name=\"_sf_submit\" value=\"Search\"><\/li><\/ul><\/form>\n\n\n\n<\/div>\n\t\t\t\t\t\t<\/div>\n\t\t\t\t<\/div>\n\t\t\t\t\t<\/div>\n\t\t\t\t<\/div>\n\t\t<div class=\"elementor-element elementor-element-a3f5a4a e-flex e-con-boxed e-con e-parent\" data-id=\"a3f5a4a\" data-element_type=\"container\">\n\t\t\t\t\t<div class=\"e-con-inner\">\n\t\t\t\t<div class=\"elementor-element elementor-element-659216a dce-posts-layout-template dce-col-3 dce-col-tablet-3 dce-col-mobile-1 elementor-widget elementor-widget-dce-dynamicposts-v2\" data-id=\"659216a\" data-element_type=\"widget\" data-settings=\"{&quot;style_items&quot;:&quot;template&quot;,&quot;templatemode_linkable&quot;:&quot;yes&quot;,&quot;grid_grid_type&quot;:&quot;flex&quot;}\" data-widget_type=\"dce-dynamicposts-v2.grid\">\n\t\t\t\t<div class=\"elementor-widget-container\">\n\t\t\t\t\t\n\t\t<div class=\"dce-fix-background-loop dce-posts-container dce-posts dce-dynamic-posts-collection  dce-skin-grid dce-skin-grid-flex\">\n\t\t\t\t\t\t<div class=\"dce-posts-wrapper dce-wrapper-grid\">\n\t\t\t\n\t\t<article class=\"post-17191 post type-post status-publish format-standard has-post-thumbnail hentry category-blog dce-post dce-post-item dce-item-grid\" data-dce-post-id=\"17191\" data-dce-post-index=\"0\" data-post-link=\"https:\/\/equilibriumbdc.com\/en\/blog\/welcome-to-equilibrium-emiliana\/\">\n\t\t\t<div class=\"dce-post-block\">\n\t\t<style id=\"loop-17136\">.elementor-17136 .elementor-element.elementor-element-29bf8be3{--display:flex;--flex-direction:column;--container-widget-width:100%;--container-widget-height:initial;--container-widget-flex-grow:0;--container-widget-align-self:initial;--flex-wrap-mobile:wrap;border-style:none;--border-style:none;box-shadow:0px 0px 10px 0px rgba(0,0,0,0.5);--padding-top:0px;--padding-bottom:0px;--padding-left:0px;--padding-right:0px;}.elementor-17136 .elementor-element.elementor-element-29bf8be3:not(.elementor-motion-effects-element-type-background), .elementor-17136 .elementor-element.elementor-element-29bf8be3 > .elementor-motion-effects-container > .elementor-motion-effects-layer{background-color:#F7FAF2;}.elementor-widget-heading .elementor-heading-title{font-family:var( --e-global-typography-primary-font-family ), Sans-serif;font-weight:var( --e-global-typography-primary-font-weight );color:var( --e-global-color-primary );}.elementor-17136 .elementor-element.elementor-element-27e5ad98{width:auto;max-width:auto;background-color:#F7FAF2;margin:0px 0px calc(var(--kit-widget-spacing, 0px) + 0px) 0px;padding:12px 12px 12px 12px;z-index:20;text-align:center;}.elementor-17136 .elementor-element.elementor-element-27e5ad98.elementor-element{--align-self:flex-end;}.elementor-17136 .elementor-element.elementor-element-27e5ad98 .elementor-heading-title{font-family:\"Geologica\", Sans-serif;font-size:14px;font-weight:600;text-transform:uppercase;color:var( --e-global-color-primary );}.elementor-widget-image .widget-image-caption{color:var( --e-global-color-text );font-family:var( --e-global-typography-text-font-family ), Sans-serif;font-size:var( --e-global-typography-text-font-size );font-weight:var( --e-global-typography-text-font-weight );}.elementor-17136 .elementor-element.elementor-element-7c393a19{margin:-58px 0px calc(var(--kit-widget-spacing, 0px) + 0px) 0px;}.elementor-17136 .elementor-element.elementor-element-7c393a19 img{height:250px;object-fit:cover;object-position:center center;}.elementor-17136 .elementor-element.elementor-element-49288622{padding:0px 20px 0px 20px;}.elementor-17136 .elementor-element.elementor-element-49288622 .elementor-heading-title{font-family:\"Geologica\", Sans-serif;font-size:18px;font-weight:600;}.elementor-widget-text-editor{font-family:var( --e-global-typography-text-font-family ), Sans-serif;font-size:var( --e-global-typography-text-font-size );font-weight:var( --e-global-typography-text-font-weight );color:var( --e-global-color-text );}.elementor-widget-text-editor.elementor-drop-cap-view-stacked .elementor-drop-cap{background-color:var( --e-global-color-primary );}.elementor-widget-text-editor.elementor-drop-cap-view-framed .elementor-drop-cap, .elementor-widget-text-editor.elementor-drop-cap-view-default .elementor-drop-cap{color:var( --e-global-color-primary );border-color:var( --e-global-color-primary );}.elementor-17136 .elementor-element.elementor-element-66d31c9d{padding:0px 0px 0px 20px;font-family:\"Geologica\", Sans-serif;font-size:12px;font-weight:500;color:var( --e-global-color-049a213 );}.elementor-widget-button .elementor-button{background-color:var( --e-global-color-accent );font-family:var( --e-global-typography-accent-font-family ), Sans-serif;font-weight:var( --e-global-typography-accent-font-weight );}.elementor-17136 .elementor-element.elementor-element-29a95f15 .elementor-button{background-color:var( --e-global-color-4df4918 );fill:var( --e-global-color-primary );color:var( --e-global-color-primary );border-style:solid;border-width:1px 1px 1px 1px;border-color:var( --e-global-color-primary );}.elementor-17136 .elementor-element.elementor-element-29a95f15{padding:0px 0px 20px 20px;}@media(max-width:1024px){.elementor-widget-image .widget-image-caption{font-size:var( --e-global-typography-text-font-size );}.elementor-widget-text-editor{font-size:var( --e-global-typography-text-font-size );}}@media(max-width:767px){.elementor-widget-image .widget-image-caption{font-size:var( --e-global-typography-text-font-size );}.elementor-widget-text-editor{font-size:var( --e-global-typography-text-font-size );}}<\/style><style>.elementor-17136 .elementor-element.elementor-element-29bf8be3{--display:flex;--flex-direction:column;--container-widget-width:100%;--container-widget-height:initial;--container-widget-flex-grow:0;--container-widget-align-self:initial;--flex-wrap-mobile:wrap;border-style:none;--border-style:none;box-shadow:0px 0px 10px 0px rgba(0,0,0,0.5);--padding-top:0px;--padding-bottom:0px;--padding-left:0px;--padding-right:0px;}.elementor-17136 .elementor-element.elementor-element-29bf8be3:not(.elementor-motion-effects-element-type-background), .elementor-17136 .elementor-element.elementor-element-29bf8be3 > .elementor-motion-effects-container > .elementor-motion-effects-layer{background-color:#F7FAF2;}.elementor-widget-heading .elementor-heading-title{font-family:var( --e-global-typography-primary-font-family ), Sans-serif;font-weight:var( --e-global-typography-primary-font-weight );color:var( --e-global-color-primary );}.elementor-17136 .elementor-element.elementor-element-27e5ad98{width:auto;max-width:auto;background-color:#F7FAF2;margin:0px 0px calc(var(--kit-widget-spacing, 0px) + 0px) 0px;padding:12px 12px 12px 12px;z-index:20;text-align:center;}.elementor-17136 .elementor-element.elementor-element-27e5ad98.elementor-element{--align-self:flex-end;}.elementor-17136 .elementor-element.elementor-element-27e5ad98 .elementor-heading-title{font-family:\"Geologica\", Sans-serif;font-size:14px;font-weight:600;text-transform:uppercase;color:var( --e-global-color-primary );}.elementor-widget-image .widget-image-caption{color:var( --e-global-color-text );font-family:var( --e-global-typography-text-font-family ), Sans-serif;font-size:var( --e-global-typography-text-font-size );font-weight:var( --e-global-typography-text-font-weight );}.elementor-17136 .elementor-element.elementor-element-7c393a19{margin:-58px 0px calc(var(--kit-widget-spacing, 0px) + 0px) 0px;}.elementor-17136 .elementor-element.elementor-element-7c393a19 img{height:250px;object-fit:cover;object-position:center center;}.elementor-17136 .elementor-element.elementor-element-49288622{padding:0px 20px 0px 20px;}.elementor-17136 .elementor-element.elementor-element-49288622 .elementor-heading-title{font-family:\"Geologica\", Sans-serif;font-size:18px;font-weight:600;}.elementor-widget-text-editor{font-family:var( --e-global-typography-text-font-family ), Sans-serif;font-size:var( --e-global-typography-text-font-size );font-weight:var( --e-global-typography-text-font-weight );color:var( --e-global-color-text );}.elementor-widget-text-editor.elementor-drop-cap-view-stacked .elementor-drop-cap{background-color:var( --e-global-color-primary );}.elementor-widget-text-editor.elementor-drop-cap-view-framed .elementor-drop-cap, .elementor-widget-text-editor.elementor-drop-cap-view-default .elementor-drop-cap{color:var( --e-global-color-primary );border-color:var( --e-global-color-primary );}.elementor-17136 .elementor-element.elementor-element-66d31c9d{padding:0px 0px 0px 20px;font-family:\"Geologica\", Sans-serif;font-size:12px;font-weight:500;color:var( --e-global-color-049a213 );}.elementor-widget-button .elementor-button{background-color:var( --e-global-color-accent );font-family:var( --e-global-typography-accent-font-family ), Sans-serif;font-weight:var( --e-global-typography-accent-font-weight );}.elementor-17136 .elementor-element.elementor-element-29a95f15 .elementor-button{background-color:var( --e-global-color-4df4918 );fill:var( --e-global-color-primary );color:var( --e-global-color-primary );border-style:solid;border-width:1px 1px 1px 1px;border-color:var( --e-global-color-primary );}.elementor-17136 .elementor-element.elementor-element-29a95f15{padding:0px 0px 20px 20px;}@media(max-width:1024px){.elementor-widget-image .widget-image-caption{font-size:var( --e-global-typography-text-font-size );}.elementor-widget-text-editor{font-size:var( --e-global-typography-text-font-size );}}@media(max-width:767px){.elementor-widget-image .widget-image-caption{font-size:var( --e-global-typography-text-font-size );}.elementor-widget-text-editor{font-size:var( --e-global-typography-text-font-size );}}<\/style>\t\t<div data-elementor-type=\"loop-item\" data-elementor-id=\"17136\" class=\"elementor elementor-17136 elementor-13801 dce-elementor-rendering-id-1 elementor-13801 e-loop-item e-loop-item-17191 post-17191 post type-post status-publish format-standard has-post-thumbnail hentry category-blog\" data-elementor-post-type=\"elementor_library\" data-custom-edit-handle=\"1\">\n\t\t\t<div data-dce-background-color=\"#F7FAF2\" class=\"elementor-element elementor-element-29bf8be3 e-con-full zom-div e-flex e-con e-parent\" data-id=\"29bf8be3\" data-element_type=\"container\" data-settings=\"{&quot;background_background&quot;:&quot;classic&quot;}\">\n\t\t\t\t<div class=\"elementor-element elementor-element-7c393a19 elementor-widget elementor-widget-image\" data-id=\"7c393a19\" data-element_type=\"widget\" data-widget_type=\"image.default\">\n\t\t\t\t\t\t\t\t\t\t\t\t\t\t\t<img decoding=\"async\" width=\"229\" height=\"211\" src=\"https:\/\/equilibriumbdc.com\/wp-content\/uploads\/2022\/04\/vegase_portrait_web.jpg\" class=\"attachment-full size-full wp-image-14870\" alt=\"\" \/>\t\t\t\t\t\t\t\t\t\t\t\t\t\t\t<\/div>\n\t\t\t\t<div class=\"elementor-element elementor-element-49288622 elementor-widget elementor-widget-heading\" data-id=\"49288622\" data-element_type=\"widget\" data-widget_type=\"heading.default\">\n\t\t\t\t\t<h3 class=\"elementor-heading-title elementor-size-default\">\u00a1Welcome to equilibrium, Emiliana!<\/h3>\t\t\t\t<\/div>\n\t\t\t\t<div class=\"elementor-element elementor-element-66d31c9d elementor-widget elementor-widget-text-editor\" data-id=\"66d31c9d\" data-element_type=\"widget\" data-widget_type=\"text-editor.default\">\n\t\t\t\t\t\t\t\t\t19 de April de 2022\t\t\t\t\t\t\t\t<\/div>\n\t\t\t\t<div class=\"elementor-element elementor-element-29a95f15 elementor-widget elementor-widget-button\" data-id=\"29a95f15\" data-element_type=\"widget\" data-widget_type=\"button.default\">\n\t\t\t\t\t\t\t\t\t\t<a class=\"elementor-button elementor-button-link elementor-size-sm\" href=\"https:\/\/equilibriumbdc.com\/en\/blog\/welcome-to-equilibrium-emiliana\/\">\n\t\t\t\t\t\t<span class=\"elementor-button-content-wrapper\">\n\t\t\t\t\t\t\t\t\t<span class=\"elementor-button-text\">Read Article<\/span>\n\t\t\t\t\t<\/span>\n\t\t\t\t\t<\/a>\n\t\t\t\t\t\t\t\t<\/div>\n\t\t\t\t<\/div>\n\t\t\t\t<\/div>\n\t\t\t\t\t<\/div>\n\t\t<\/article>\n\t\t\t\t\t<\/div>\n\t\t\t\t\t<\/div>\n\t\t\t\t\t\t<\/div>\n\t\t\t\t<\/div>\n\t\t\t\t\t<\/div>\n\t\t\t\t<\/div>\n\t\t\t\t<\/div>\n\t\t","protected":false},"excerpt":{"rendered":"<p>Blog &amp; Media Leer Art\u00edculo Leer Art\u00edculo Leer Art\u00edculo Leer Art\u00edculo Leer Art\u00edculo Leer Art\u00edculo 1 \/ 612&#8230;6<\/p>\n","protected":false},"author":1,"featured_media":0,"parent":0,"menu_order":0,"comment_status":"closed","ping_status":"closed","template":"","meta":{"_acf_changed":false,"inline_featured_image":false,"footnotes":""},"class_list":["post-15380","page","type-page","status-publish","hentry"],"acf":[],"_links":{"self":[{"href":"https:\/\/equilibriumbdc.com\/en\/wp-json\/wp\/v2\/pages\/15380","targetHints":{"allow":["GET"]}}],"collection":[{"href":"https:\/\/equilibriumbdc.com\/en\/wp-json\/wp\/v2\/pages"}],"about":[{"href":"https:\/\/equilibriumbdc.com\/en\/wp-json\/wp\/v2\/types\/page"}],"author":[{"embeddable":true,"href":"https:\/\/equilibriumbdc.com\/en\/wp-json\/wp\/v2\/users\/1"}],"replies":[{"embeddable":true,"href":"https:\/\/equilibriumbdc.com\/en\/wp-json\/wp\/v2\/comments?post=15380"}],"version-history":[{"count":8,"href":"https:\/\/equilibriumbdc.com\/en\/wp-json\/wp\/v2\/pages\/15380\/revisions"}],"predecessor-version":[{"id":17038,"href":"https:\/\/equilibriumbdc.com\/en\/wp-json\/wp\/v2\/pages\/15380\/revisions\/17038"}],"wp:attachment":[{"href":"https:\/\/equilibriumbdc.com\/en\/wp-json\/wp\/v2\/media?parent=15380"}],"curies":[{"name":"wp","href":"https:\/\/api.w.org\/{rel}","templated":true}]}}